{"id":20,"date":"2026-01-03T14:15:18","date_gmt":"2026-01-03T14:15:18","guid":{"rendered":"https:\/\/storyhubagency.com\/home\/"},"modified":"2026-02-21T23:44:01","modified_gmt":"2026-02-21T23:44:01","slug":"home","status":"publish","type":"page","link":"https:\/\/storyhubagency.com\/sq\/","title":{"rendered":"Ballina"},"content":{"rendered":"<div class=\"wp-block-cover alignfull is-light\" style=\"padding-top:0;padding-right:0;padding-bottom:0;padding-left:0;min-height:100vh;aspect-ratio:unset;\"><img decoding=\"async\" class=\"wp-block-cover__image-background wp-image-66\" alt=\"\" src=\"https:\/\/storyhubagency.com\/wp-content\/uploads\/2026\/01\/hero-feminine.jpg\" data-object-fit=\"cover\"\/><span aria-hidden=\"true\" class=\"wp-block-cover__background has-black-background-color has-background-dim\"><\/span><div class=\"wp-block-cover__inner-container is-layout-flow wp-block-cover-is-layout-flow\">\n<div class=\"wp-block-group has-global-padding is-layout-constrained wp-container-core-group-is-layout-4383d167 wp-block-group-is-layout-constrained\">\n<div style=\"height:100px\" aria-hidden=\"true\" class=\"wp-block-spacer\"><\/div>\n\n\n\n<h1 class=\"wp-block-heading has-text-align-center has-white-color has-text-color translation-block\" style=\"margin-bottom:var(--wp--preset--spacing--50);font-size:clamp(3rem, 8vw, 6.5rem);font-weight:300;letter-spacing:-0.02em;line-height:1\">Tregimet tona<br>kan\u00eb ndikim.<\/h1>\n\n\n\n<p class=\"has-text-align-center has-white-color has-text-color translation-block\" style=\"margin-top:var(--wp--preset--spacing--50);margin-bottom:var(--wp--preset--spacing--70);font-size:clamp(0.984rem, 0.984rem + ((1vw - 0.2rem) * 0.86), 1.5rem);font-weight:300;letter-spacing:0.15em;text-transform:uppercase\">PR \u2022 Media \u2022 Marketing \u2022 Tregime<\/p>\n\n\n\n<div class=\"wp-block-buttons is-content-justification-center is-layout-flex wp-container-core-buttons-is-layout-b30bd9b3 wp-block-buttons-is-layout-flex\" style=\"margin-top:var(--wp--preset--spacing--70)\">\n<div class=\"wp-block-button has-custom-font-size translation-block\">Punoni me ne<\/div>\n\n\n\n<div class=\"wp-block-button has-custom-font-size translation-block\" style=\"font-size:clamp(0.875rem, 0.875rem + ((1vw - 0.2rem) * 0.417), 1.125rem);\">Sh\u00ebrbimet tona<\/div>\n<\/div>\n\n\n\n<div style=\"height:100px\" aria-hidden=\"true\" class=\"wp-block-spacer\"><\/div>\n<\/div>\n<\/div><\/div>\n\n\n\n<div class=\"wp-block-group alignfull has-white-background-color has-background has-global-padding is-layout-constrained wp-container-core-group-is-layout-0db87a24 wp-block-group-is-layout-constrained\" style=\"padding-top:var(--wp--preset--spacing--80);padding-right:var(--wp--preset--spacing--50);padding-bottom:var(--wp--preset--spacing--80);padding-left:var(--wp--preset--spacing--50)\">\n<div class=\"wp-block-columns are-vertically-aligned-center is-layout-flex wp-container-core-columns-is-layout-cf05694f wp-block-columns-is-layout-flex\">\n<div class=\"wp-block-column is-vertically-aligned-center is-layout-flow wp-block-column-is-layout-flow\">\n<figure class=\"wp-block-image size-large\"><img loading=\"lazy\" decoding=\"async\" width=\"1200\" height=\"800\" src=\"https:\/\/storyhubagency.com\/wp-content\/uploads\/2026\/01\/story-team.jpg\" alt=\"\" class=\"wp-image-73\" srcset=\"https:\/\/storyhubagency.com\/wp-content\/uploads\/2026\/01\/story-team.jpg 1200w, https:\/\/storyhubagency.com\/wp-content\/uploads\/2026\/01\/story-team-300x200.jpg 300w, https:\/\/storyhubagency.com\/wp-content\/uploads\/2026\/01\/story-team-1024x683.jpg 1024w, https:\/\/storyhubagency.com\/wp-content\/uploads\/2026\/01\/story-team-768x512.jpg 768w, https:\/\/storyhubagency.com\/wp-content\/uploads\/2026\/01\/story-team-18x12.jpg 18w\" sizes=\"auto, (max-width: 1200px) 100vw, 1200px\" \/><\/figure>\n<\/div>\n\n\n\n<div class=\"wp-block-column is-vertically-aligned-center is-layout-flow wp-block-column-is-layout-flow\">\n<h2 class=\"wp-block-heading translation-block\" style=\"margin-bottom:var(--wp--preset--spacing--50);font-size:clamp(1.743rem, 1.743rem + ((1vw - 0.2rem) * 2.095), 3rem);font-weight:300;line-height:1.2\">\u00c7do mark\u00eb ka<br>nj\u00eb histori q\u00eb vlen t\u00eb tregohet<\/h2>\n\n\n\n<p style=\"margin-bottom:var(--wp--preset--spacing--50);font-size:clamp(0.875rem, 0.875rem + ((1vw - 0.2rem) * 0.625), 1.25rem);line-height:1.8\" class=\"translation-block\">N\u00eb Story Hub, ne besojm\u00eb n\u00eb fuqin\u00eb e tregimit strategjik p\u00ebr t\u00eb nd\u00ebrtuar ndikim, besim dhe dukshm\u00ebri.<\/p>\n\n\n\n<p style=\"font-size:clamp(0.875rem, 0.875rem + ((1vw - 0.2rem) * 0.417), 1.125rem);line-height:1.8\" class=\"translation-block\">Misioni yn\u00eb \u00ebsht\u00eb t\u00eb krijojm\u00eb, p\u00ebrmir\u00ebsojm\u00eb dhe amplifikojm\u00eb narrativat e mark\u00ebs p\u00ebrmes komunikimit strategjik, p\u00ebrmbajtjes krijuese dhe prezenc\u00ebs mediatike me ndikim.<\/p>\n\n\n\n<div style=\"height:40px\" aria-hidden=\"true\" class=\"wp-block-spacer\"><\/div>\n\n\n\n<div class=\"wp-block-buttons is-layout-flex wp-block-buttons-is-layout-flex\">\n<div class=\"wp-block-button translation-block\">M\u00ebsoni m\u00eb shum\u00eb rreth nesh<\/div>\n<\/div>\n<\/div>\n<\/div>\n<\/div>\n\n\n\n<div class=\"wp-block-group alignfull has-black-background-color has-background has-global-padding is-layout-constrained wp-container-core-group-is-layout-ad319cd6 wp-block-group-is-layout-constrained\" style=\"padding-top:var(--wp--preset--spacing--80);padding-bottom:var(--wp--preset--spacing--80)\">\n<h2 class=\"wp-block-heading has-text-align-center has-white-color has-text-color translation-block\" style=\"margin-bottom:var(--wp--preset--spacing--70);font-size:clamp(1.502rem, 1.502rem + ((1vw - 0.2rem) * 1.663), 2.5rem);font-weight:300\">Pse Story Hub<\/h2>\n\n\n\n<div class=\"wp-block-columns is-layout-flex wp-container-core-columns-is-layout-14cf5ab5 wp-block-columns-is-layout-flex\">\n<div class=\"wp-block-column is-layout-flow wp-block-column-is-layout-flow\" style=\"padding-top:var(--wp--preset--spacing--50);padding-right:var(--wp--preset--spacing--50);padding-bottom:var(--wp--preset--spacing--50);padding-left:var(--wp--preset--spacing--50)\">\n<h3 class=\"wp-block-heading has-vivid-red-color has-text-color translation-block\" style=\"font-size:clamp(0.984rem, 0.984rem + ((1vw - 0.2rem) * 0.86), 1.5rem);font-weight:600\">Historia s\u00eb pari<\/h3>\n\n\n\n<p class=\"has-white-color has-text-color translation-block\" style=\"font-size:clamp(0.875rem, 0.875rem + ((1vw - 0.2rem) * 0.292), 1.05rem);line-height:1.8\">Ne udh\u00ebheqim me strategji narrative, duke siguruar q\u00eb \u00e7do mesazh t\u00eb rezonoj\u00eb me audienc\u00ebn tuaj.<\/p>\n<\/div>\n\n\n\n<div class=\"wp-block-column is-layout-flow wp-block-column-is-layout-flow\" style=\"padding-top:var(--wp--preset--spacing--50);padding-right:var(--wp--preset--spacing--50);padding-bottom:var(--wp--preset--spacing--50);padding-left:var(--wp--preset--spacing--50)\">\n<h3 class=\"wp-block-heading has-vivid-red-color has-text-color translation-block\" style=\"font-size:clamp(0.984rem, 0.984rem + ((1vw - 0.2rem) * 0.86), 1.5rem);font-weight:600\">Zgjidhje t\u00eb personalizuara<\/h3>\n\n\n\n<p class=\"has-white-color has-text-color translation-block\" style=\"font-size:clamp(0.875rem, 0.875rem + ((1vw - 0.2rem) * 0.292), 1.05rem);line-height:1.8\">Strategji komunikimi t\u00eb personalizuara t\u00eb dizajnuara p\u00ebr mark\u00ebn dhe q\u00ebllimet tuaja unike.<\/p>\n<\/div>\n\n\n\n<div class=\"wp-block-column is-layout-flow wp-block-column-is-layout-flow\" style=\"padding-top:var(--wp--preset--spacing--50);padding-right:var(--wp--preset--spacing--50);padding-bottom:var(--wp--preset--spacing--50);padding-left:var(--wp--preset--spacing--50)\">\n<h3 class=\"wp-block-heading has-vivid-red-color has-text-color translation-block\" style=\"font-size:clamp(0.984rem, 0.984rem + ((1vw - 0.2rem) * 0.86), 1.5rem);font-weight:600\">Ekspertiz\u00eb mediatike<\/h3>\n\n\n\n<p class=\"has-white-color has-text-color translation-block\" style=\"font-size:clamp(0.875rem, 0.875rem + ((1vw - 0.2rem) * 0.292), 1.05rem);line-height:1.8\">Lidhje t\u00eb thella dhe kuptim i t\u00eb dy peizazheve mediatike tradicionale dhe digjitale.<\/p>\n<\/div>\n\n\n\n<div class=\"wp-block-column is-layout-flow wp-block-column-is-layout-flow\" style=\"padding-top:var(--wp--preset--spacing--50);padding-right:var(--wp--preset--spacing--50);padding-bottom:var(--wp--preset--spacing--50);padding-left:var(--wp--preset--spacing--50)\">\n<h3 class=\"wp-block-heading has-vivid-red-color has-text-color translation-block\" style=\"font-size:clamp(0.984rem, 0.984rem + ((1vw - 0.2rem) * 0.86), 1.5rem);font-weight:600\">Ndikim afatgjat\u00eb<\/h3>\n\n\n\n<p class=\"has-white-color has-text-color translation-block\" style=\"font-size:clamp(0.875rem, 0.875rem + ((1vw - 0.2rem) * 0.292), 1.05rem);line-height:1.8\">Nd\u00ebrtimi i besueshm\u00ebris\u00eb dhe reputacionit t\u00eb q\u00ebndruesh\u00ebm t\u00eb mark\u00ebs, jo vet\u00ebm fitoreve afatshkurtra.<\/p>\n<\/div>\n<\/div>\n<\/div>","protected":false},"excerpt":{"rendered":"<p>Every brand hasa story worth telling At Story Hub, we believe in the power of strategic storytelling to build influence, trust, and visibility. Our mission is to craft, refine, and amplify brand narratives through strategic communication, creative content, and impactful media presence. Why Story Hub Story-First We lead with narrative strategy, ensuring every message resonates [&hellip;]<\/p>\n","protected":false},"author":1,"featured_media":81,"parent":0,"menu_order":0,"comment_status":"closed","ping_status":"closed","template":"no-title","meta":{"_monsterinsights_skip_tracking":false,"_monsterinsights_sitenote_active":false,"_monsterinsights_sitenote_note":"","_monsterinsights_sitenote_category":0,"footnotes":""},"class_list":["post-20","page","type-page","status-publish","has-post-thumbnail","hentry"],"aioseo_notices":[],"_links":{"self":[{"href":"https:\/\/storyhubagency.com\/sq\/wp-json\/wp\/v2\/pages\/20","targetHints":{"allow":["GET"]}}],"collection":[{"href":"https:\/\/storyhubagency.com\/sq\/wp-json\/wp\/v2\/pages"}],"about":[{"href":"https:\/\/storyhubagency.com\/sq\/wp-json\/wp\/v2\/types\/page"}],"author":[{"embeddable":true,"href":"https:\/\/storyhubagency.com\/sq\/wp-json\/wp\/v2\/users\/1"}],"replies":[{"embeddable":true,"href":"https:\/\/storyhubagency.com\/sq\/wp-json\/wp\/v2\/comments?post=20"}],"version-history":[{"count":8,"href":"https:\/\/storyhubagency.com\/sq\/wp-json\/wp\/v2\/pages\/20\/revisions"}],"predecessor-version":[{"id":85,"href":"https:\/\/storyhubagency.com\/sq\/wp-json\/wp\/v2\/pages\/20\/revisions\/85"}],"wp:featuredmedia":[{"embeddable":true,"href":"https:\/\/storyhubagency.com\/sq\/wp-json\/wp\/v2\/media\/81"}],"wp:attachment":[{"href":"https:\/\/storyhubagency.com\/sq\/wp-json\/wp\/v2\/media?parent=20"}],"curies":[{"name":"wp","href":"https:\/\/api.w.org\/{rel}","templated":true}]}}