{"id":18,"date":"2026-01-03T14:15:16","date_gmt":"2026-01-03T14:15:16","guid":{"rendered":"https:\/\/storyhubagency.com\/services\/"},"modified":"2026-01-03T20:55:55","modified_gmt":"2026-01-03T20:55:55","slug":"services","status":"publish","type":"page","link":"https:\/\/storyhubagency.com\/sq\/services\/","title":{"rendered":"Sh\u00ebrbime"},"content":{"rendered":"<div class=\"wp-block-cover alignfull is-light\" style=\"min-height:60vh;aspect-ratio:unset;\"><span aria-hidden=\"true\" class=\"wp-block-cover__background has-black-background-color has-background-dim-60 has-background-dim\"><\/span><img loading=\"lazy\" decoding=\"async\" width=\"1200\" height=\"675\" class=\"wp-block-cover__image-background wp-image-68\" alt=\"\" src=\"https:\/\/storyhubagency.com\/wp-content\/uploads\/2026\/01\/services-creative.jpg\" data-object-fit=\"cover\" srcset=\"https:\/\/storyhubagency.com\/wp-content\/uploads\/2026\/01\/services-creative.jpg 1200w, https:\/\/storyhubagency.com\/wp-content\/uploads\/2026\/01\/services-creative-300x169.jpg 300w, https:\/\/storyhubagency.com\/wp-content\/uploads\/2026\/01\/services-creative-1024x576.jpg 1024w, https:\/\/storyhubagency.com\/wp-content\/uploads\/2026\/01\/services-creative-768x432.jpg 768w, https:\/\/storyhubagency.com\/wp-content\/uploads\/2026\/01\/services-creative-18x10.jpg 18w\" sizes=\"auto, (max-width: 1200px) 100vw, 1200px\" \/><div class=\"wp-block-cover__inner-container is-layout-flow wp-block-cover-is-layout-flow\">\n<h1 class=\"wp-block-heading has-text-align-center has-white-color has-text-color translation-block\" style=\"font-size:clamp(2.5rem, 6vw, 5rem);font-weight:300;letter-spacing:-0.02em\">Sh\u00ebrbimet tona<\/h1>\n\n\n\n<p class=\"has-text-align-center has-white-color has-text-color translation-block\" style=\"margin-top:var(--wp--preset--spacing--40);font-size:clamp(0.984rem, 0.984rem + ((1vw - 0.2rem) * 0.86), 1.5rem);font-weight:300\">Komunikim strategjik q\u00eb nd\u00ebrton ndikim<\/p>\n<\/div><\/div>\n\n\n\n<div class=\"wp-block-group alignfull has-global-padding is-layout-constrained wp-container-core-group-is-layout-c1585b79 wp-block-group-is-layout-constrained\" style=\"padding-top:var(--wp--preset--spacing--80);padding-right:var(--wp--preset--spacing--50);padding-bottom:0;padding-left:var(--wp--preset--spacing--50)\">\n<div class=\"wp-block-columns are-vertically-aligned-center is-layout-flex wp-container-core-columns-is-layout-ebd419bf wp-block-columns-is-layout-flex\" style=\"margin-bottom:var(--wp--preset--spacing--80)\">\n<div class=\"wp-block-column is-vertically-aligned-center is-layout-flow wp-block-column-is-layout-flow\">\n<figure class=\"wp-block-image size-large\"><img loading=\"lazy\" decoding=\"async\" width=\"1200\" height=\"1800\" src=\"https:\/\/storyhubagency.com\/wp-content\/uploads\/2026\/01\/pr-elegant.jpg\" alt=\"\" class=\"wp-image-70\" srcset=\"https:\/\/storyhubagency.com\/wp-content\/uploads\/2026\/01\/pr-elegant.jpg 1200w, https:\/\/storyhubagency.com\/wp-content\/uploads\/2026\/01\/pr-elegant-200x300.jpg 200w, https:\/\/storyhubagency.com\/wp-content\/uploads\/2026\/01\/pr-elegant-683x1024.jpg 683w, https:\/\/storyhubagency.com\/wp-content\/uploads\/2026\/01\/pr-elegant-768x1152.jpg 768w, https:\/\/storyhubagency.com\/wp-content\/uploads\/2026\/01\/pr-elegant-1024x1536.jpg 1024w, https:\/\/storyhubagency.com\/wp-content\/uploads\/2026\/01\/pr-elegant-8x12.jpg 8w\" sizes=\"auto, (max-width: 1200px) 100vw, 1200px\" \/><\/figure>\n<\/div>\n\n\n\n<div class=\"wp-block-column is-vertically-aligned-center is-layout-flow wp-block-column-is-layout-flow\">\n<h2 class=\"wp-block-heading translation-block\" style=\"margin-bottom:var(--wp--preset--spacing--50);font-size:clamp(1.502rem, 1.502rem + ((1vw - 0.2rem) * 1.663), 2.5rem);font-weight:300\">Marr\u00ebdh\u00ebniet me publikun &amp;<br>Komunikimi<\/h2>\n\n\n\n<p style=\"margin-bottom:var(--wp--preset--spacing--40);font-size:clamp(0.875rem, 0.875rem + ((1vw - 0.2rem) * 0.417), 1.125rem);line-height:1.8\">Build credibility and manage your brand&#8217;s reputation with strategic PR that cuts through the noise.<\/p>\n\n\n\n<ul class=\"wp-block-list\" style=\"font-size:clamp(0.875rem, 0.875rem + ((1vw - 0.2rem) * 0.417), 1.125rem);line-height:2\">\n<li class=\"translation-block\">Strategjia e komunikimit<\/li>\n\n\n\n<li class=\"translation-block\">Marr\u00ebdh\u00ebniet me mediat<\/li>\n\n\n\n<li class=\"translation-block\">Menaxhimi i reputacionit<\/li>\n\n\n\n<li class=\"translation-block\">Komunikata p\u00ebr shtyp &amp; deklarata publike<\/li>\n<\/ul>\n<\/div>\n<\/div>\n<\/div>\n\n\n\n<div class=\"wp-block-group alignfull has-contrast-background-color has-background has-global-padding is-layout-constrained wp-container-core-group-is-layout-c1585b79 wp-block-group-is-layout-constrained\" style=\"padding-top:var(--wp--preset--spacing--80);padding-right:var(--wp--preset--spacing--50);padding-bottom:0;padding-left:var(--wp--preset--spacing--50)\">\n<div class=\"wp-block-columns are-vertically-aligned-center is-layout-flex wp-container-core-columns-is-layout-ebd419bf wp-block-columns-is-layout-flex\" style=\"margin-bottom:var(--wp--preset--spacing--80)\">\n<div class=\"wp-block-column is-vertically-aligned-center is-layout-flow wp-block-column-is-layout-flow\">\n<h2 class=\"wp-block-heading has-base-color has-text-color translation-block\" style=\"margin-bottom:var(--wp--preset--spacing--50);font-size:clamp(1.502rem, 1.502rem + ((1vw - 0.2rem) * 1.663), 2.5rem);font-weight:300\">Media &amp;<br>Krijimi i p\u00ebrmbajtjes<\/h2>\n\n\n\n<p class=\"has-base-color has-text-color translation-block\" style=\"margin-bottom:var(--wp--preset--spacing--40);font-size:clamp(0.875rem, 0.875rem + ((1vw - 0.2rem) * 0.417), 1.125rem);line-height:1.8\">Transformoni historin\u00eb e mark\u00ebs suaj n\u00eb p\u00ebrmbajtje t\u00ebrheq\u00ebse q\u00eb rezonon n\u00eb t\u00eb gjitha kanalet.<\/p>\n\n\n\n<ul class=\"wp-block-list has-base-color has-text-color\" style=\"font-size:clamp(0.875rem, 0.875rem + ((1vw - 0.2rem) * 0.417), 1.125rem);line-height:2\">\n<li class=\"translation-block\">Tregimi i historis\u00eb s\u00eb mark\u00ebs<\/li>\n\n\n\n<li class=\"translation-block\">Copywriting &amp; strategjia e p\u00ebrmbajtjes<\/li>\n\n\n\n<li class=\"translation-block\">P\u00ebrmbajtje e mediave sociale<\/li>\n\n\n\n<li class=\"translation-block\">Video dhe fushata krijuese<\/li>\n<\/ul>\n<\/div>\n\n\n\n<div class=\"wp-block-column is-vertically-aligned-center is-layout-flow wp-block-column-is-layout-flow\">\n<figure class=\"wp-block-image size-large\"><img loading=\"lazy\" decoding=\"async\" width=\"1200\" height=\"800\" src=\"https:\/\/storyhubagency.com\/wp-content\/uploads\/2026\/01\/media-workspace.jpg\" alt=\"\" class=\"wp-image-71\" srcset=\"https:\/\/storyhubagency.com\/wp-content\/uploads\/2026\/01\/media-workspace.jpg 1200w, https:\/\/storyhubagency.com\/wp-content\/uploads\/2026\/01\/media-workspace-300x200.jpg 300w, https:\/\/storyhubagency.com\/wp-content\/uploads\/2026\/01\/media-workspace-1024x683.jpg 1024w, https:\/\/storyhubagency.com\/wp-content\/uploads\/2026\/01\/media-workspace-768x512.jpg 768w, https:\/\/storyhubagency.com\/wp-content\/uploads\/2026\/01\/media-workspace-18x12.jpg 18w\" sizes=\"auto, (max-width: 1200px) 100vw, 1200px\" \/><\/figure>\n<\/div>\n<\/div>\n<\/div>\n\n\n\n<div class=\"wp-block-group alignfull has-global-padding is-layout-constrained wp-container-core-group-is-layout-0db87a24 wp-block-group-is-layout-constrained\" style=\"padding-top:var(--wp--preset--spacing--80);padding-right:var(--wp--preset--spacing--50);padding-bottom:var(--wp--preset--spacing--80);padding-left:var(--wp--preset--spacing--50)\">\n<div class=\"wp-block-columns are-vertically-aligned-center is-layout-flex wp-container-core-columns-is-layout-cf05694f wp-block-columns-is-layout-flex\">\n<div class=\"wp-block-column is-vertically-aligned-center is-layout-flow wp-block-column-is-layout-flow\">\n<figure class=\"wp-block-image size-large\"><img loading=\"lazy\" decoding=\"async\" width=\"1200\" height=\"800\" src=\"https:\/\/storyhubagency.com\/wp-content\/uploads\/2026\/01\/services-elegant.jpg\" alt=\"\" class=\"wp-image-69\" srcset=\"https:\/\/storyhubagency.com\/wp-content\/uploads\/2026\/01\/services-elegant.jpg 1200w, https:\/\/storyhubagency.com\/wp-content\/uploads\/2026\/01\/services-elegant-300x200.jpg 300w, https:\/\/storyhubagency.com\/wp-content\/uploads\/2026\/01\/services-elegant-1024x683.jpg 1024w, https:\/\/storyhubagency.com\/wp-content\/uploads\/2026\/01\/services-elegant-768x512.jpg 768w, https:\/\/storyhubagency.com\/wp-content\/uploads\/2026\/01\/services-elegant-18x12.jpg 18w\" sizes=\"auto, (max-width: 1200px) 100vw, 1200px\" \/><\/figure>\n<\/div>\n\n\n\n<div class=\"wp-block-column is-vertically-aligned-center is-layout-flow wp-block-column-is-layout-flow\">\n<h2 class=\"wp-block-heading translation-block\" style=\"margin-bottom:var(--wp--preset--spacing--50);font-size:clamp(1.502rem, 1.502rem + ((1vw - 0.2rem) * 1.663), 2.5rem);font-weight:300\">Marketing &amp;<br>Strategjia digjitale<\/h2>\n\n\n\n<p style=\"margin-bottom:var(--wp--preset--spacing--40);font-size:clamp(0.875rem, 0.875rem + ((1vw - 0.2rem) * 0.417), 1.125rem);line-height:1.8\" class=\"translation-block\">Arrini dhe angazhoni audienc\u00ebn tuaj me fushata digjitale t\u00eb integruara t\u00eb nd\u00ebrtuara p\u00ebr rezultate t\u00eb matshme.<\/p>\n\n\n\n<ul class=\"wp-block-list\" style=\"font-size:clamp(0.875rem, 0.875rem + ((1vw - 0.2rem) * 0.417), 1.125rem);line-height:2\">\n<li class=\"translation-block\">Menaxhimi i mediave sociale<\/li>\n\n\n\n<li class=\"translation-block\">Fushata digjitale<\/li>\n\n\n\n<li class=\"translation-block\">Pozicionimi i mark\u00ebs<\/li>\n\n\n\n<li class=\"translation-block\">Drejtimi krijues<\/li>\n<\/ul>\n<\/div>\n<\/div>\n<\/div>\n\n\n\n<div class=\"wp-block-group alignfull has-black-background-color has-background has-global-padding is-layout-constrained wp-container-core-group-is-layout-f91bc924 wp-block-group-is-layout-constrained\" style=\"padding-top:var(--wp--preset--spacing--80);padding-bottom:var(--wp--preset--spacing--80)\">\n<p class=\"has-text-align-center has-white-color has-text-color translation-block\" style=\"margin-bottom:var(--wp--preset--spacing--60);font-size:clamp(1.25rem, 1.25rem + ((1vw - 0.2rem) * 1.25), 2rem);font-weight:300;line-height:1.6\">Ne krijojm\u00eb, p\u00ebrmir\u00ebsojm\u00eb dhe amplifikojm\u00eb histori p\u00ebrmes komunikimit strategjik, p\u00ebrmbajtjes krijuese dhe prezenc\u00ebs mediatike me ndikim.<\/p>\n\n\n\n<div class=\"wp-block-buttons is-content-justification-center is-layout-flex wp-container-core-buttons-is-layout-a89b3969 wp-block-buttons-is-layout-flex\">\n<div class=\"wp-block-button has-custom-font-size translation-block\" style=\"font-size:clamp(0.875rem, 0.875rem + ((1vw - 0.2rem) * 0.417), 1.125rem);\">Filloni historin\u00eb tuaj<\/div>\n<\/div>\n<\/div>","protected":false},"excerpt":{"rendered":"<p>Public Relations &amp;Communication Build credibility and manage your brand&#8217;s reputation with strategic PR that cuts through the noise. Media &amp;Content Creation Transform your brand story into compelling content that resonates across all channels. Marketing &amp;Digital Strategy Reach and engage your audience with integrated digital campaigns built for measurable results. We craft, refine, and amplify stories [&hellip;]<\/p>\n","protected":false},"author":1,"featured_media":0,"parent":0,"menu_order":0,"comment_status":"closed","ping_status":"closed","template":"page-with-title","meta":{"_monsterinsights_skip_tracking":false,"_monsterinsights_sitenote_active":false,"_monsterinsights_sitenote_note":"","_monsterinsights_sitenote_category":0,"footnotes":""},"class_list":["post-18","page","type-page","status-publish","hentry"],"aioseo_notices":[],"_links":{"self":[{"href":"https:\/\/storyhubagency.com\/sq\/wp-json\/wp\/v2\/pages\/18","targetHints":{"allow":["GET"]}}],"collection":[{"href":"https:\/\/storyhubagency.com\/sq\/wp-json\/wp\/v2\/pages"}],"about":[{"href":"https:\/\/storyhubagency.com\/sq\/wp-json\/wp\/v2\/types\/page"}],"author":[{"embeddable":true,"href":"https:\/\/storyhubagency.com\/sq\/wp-json\/wp\/v2\/users\/1"}],"replies":[{"embeddable":true,"href":"https:\/\/storyhubagency.com\/sq\/wp-json\/wp\/v2\/comments?post=18"}],"version-history":[{"count":5,"href":"https:\/\/storyhubagency.com\/sq\/wp-json\/wp\/v2\/pages\/18\/revisions"}],"predecessor-version":[{"id":79,"href":"https:\/\/storyhubagency.com\/sq\/wp-json\/wp\/v2\/pages\/18\/revisions\/79"}],"wp:attachment":[{"href":"https:\/\/storyhubagency.com\/sq\/wp-json\/wp\/v2\/media?parent=18"}],"curies":[{"name":"wp","href":"https:\/\/api.w.org\/{rel}","templated":true}]}}