{"id":15,"date":"2026-01-03T14:15:12","date_gmt":"2026-01-03T14:15:12","guid":{"rendered":"https:\/\/storyhubagency.com\/about\/"},"modified":"2026-01-03T20:55:55","modified_gmt":"2026-01-03T20:55:55","slug":"about","status":"publish","type":"page","link":"https:\/\/storyhubagency.com\/sq\/about\/","title":{"rendered":"Rreth nesh"},"content":{"rendered":"<div class=\"wp-block-cover alignfull is-light\" style=\"min-height:60vh;aspect-ratio:unset;\"><span aria-hidden=\"true\" class=\"wp-block-cover__background has-black-background-color has-background-dim-40 has-background-dim\"><\/span><img decoding=\"async\" class=\"wp-block-cover__image-background wp-image-67\" alt=\"\" src=\"https:\/\/storyhubagency.com\/wp-content\/uploads\/2026\/01\/about-feminine.jpg\" data-object-fit=\"cover\" \/><div class=\"wp-block-cover__inner-container is-layout-flow wp-block-cover-is-layout-flow\">\n<h1 class=\"wp-block-heading has-text-align-center has-white-color has-text-color translation-block\" style=\"font-size:clamp(2.5rem, 6vw, 5rem);font-weight:300;letter-spacing:-0.02em\">Rreth Story Hub<\/h1>\n\n\n\n<p class=\"has-text-align-center has-white-color has-text-color translation-block\" style=\"margin-top:var(--wp--preset--spacing--40);font-size:clamp(0.984rem, 0.984rem + ((1vw - 0.2rem) * 0.86), 1.5rem);font-weight:300\">Krijimi i narrativave q\u00eb nd\u00ebrtojn\u00eb ndikim<\/p>\n<\/div><\/div>\n\n\n\n<div class=\"wp-block-group alignfull has-global-padding is-layout-constrained wp-container-core-group-is-layout-ed08576c wp-block-group-is-layout-constrained\" style=\"padding-top:var(--wp--preset--spacing--80);padding-right:var(--wp--preset--spacing--50);padding-bottom:var(--wp--preset--spacing--80);padding-left:var(--wp--preset--spacing--50)\">\n<p class=\"has-text-align-center translation-block\" style=\"margin-bottom:var(--wp--preset--spacing--70);font-size:clamp(1.25rem, 1.25rem + ((1vw - 0.2rem) * 1.25), 2rem);font-weight:300;line-height:1.5\">N\u00eb Story Hub, ne besojm\u00eb q\u00eb \u00e7do mark\u00eb ka nj\u00eb histori q\u00eb vlen t\u00eb tregohet.<\/p>\n\n\n\n<hr class=\"wp-block-separator has-text-color has-vivid-red-color has-alpha-channel-opacity has-vivid-red-background-color has-background is-style-wide\" \/>\n\n\n\n<div style=\"height:60px\" aria-hidden=\"true\" class=\"wp-block-spacer\"><\/div>\n\n\n\n<p style=\"margin-bottom:var(--wp--preset--spacing--50);font-size:clamp(0.875rem, 0.875rem + ((1vw - 0.2rem) * 0.625), 1.25rem);line-height:1.8\" class=\"translation-block\">Misioni yn\u00eb \u00ebsht\u00eb t\u00eb krijojm\u00eb, p\u00ebrmir\u00ebsojm\u00eb dhe amplifikojm\u00eb k\u00ebto histori p\u00ebrmes komunikimit strategjik, p\u00ebrmbajtjes krijuese dhe prezenc\u00ebs mediatike me ndikim.<\/p>\n\n\n\n<p style=\"margin-bottom:var(--wp--preset--spacing--50);font-size:clamp(0.875rem, 0.875rem + ((1vw - 0.2rem) * 0.625), 1.25rem);line-height:1.8\" class=\"translation-block\">Duke kombinuar krijimtarin\u00eb, njohjen dhe ekspertiz\u00ebn mediatike, ne i ndihmojm\u00eb klient\u00ebt tan\u00eb t\u00eb nd\u00ebrtojn\u00eb besueshm\u00ebri, t\u00eb form\u00ebsojn\u00eb perceptimin dhe t\u00eb komunikojn\u00eb me besim n\u00eb nj\u00eb bot\u00eb q\u00eb l\u00ebviz shpejt.<\/p>\n\n\n\n<div style=\"height:80px\" aria-hidden=\"true\" class=\"wp-block-spacer\"><\/div>\n\n\n\n<h2 class=\"wp-block-heading translation-block\" style=\"margin-bottom:var(--wp--preset--spacing--60);font-size:clamp(1.502rem, 1.502rem + ((1vw - 0.2rem) * 1.663), 2.5rem);font-weight:300\">Qasja jon\u00eb<\/h2>\n\n\n\n<div class=\"wp-block-columns is-layout-flex wp-container-core-columns-is-layout-14cf5ab5 wp-block-columns-is-layout-flex\">\n<div class=\"wp-block-column is-layout-flow wp-block-column-is-layout-flow\" style=\"border-left-color:var(--wp--preset--color--vivid-red);border-left-width:3px;padding-top:var(--wp--preset--spacing--50);padding-right:var(--wp--preset--spacing--40);padding-bottom:var(--wp--preset--spacing--50);padding-left:0\">\n<h3 class=\"wp-block-heading translation-block\" style=\"font-size:clamp(0.984rem, 0.984rem + ((1vw - 0.2rem) * 0.86), 1.5rem);font-weight:600\">Strategjia s\u00eb pari<\/h3>\n\n\n\n<p style=\"line-height:1.8\" class=\"translation-block\">\u00c7do fushat\u00eb fillon me nj\u00eb kuptim t\u00eb thell\u00eb t\u00eb q\u00ebllimeve tuaja, audienc\u00ebs dhe propozimit unik t\u00eb vler\u00ebs.<\/p>\n<\/div>\n\n\n\n<div class=\"wp-block-column is-layout-flow wp-block-column-is-layout-flow\" style=\"border-left-color:var(--wp--preset--color--vivid-red);border-left-width:3px;padding-top:var(--wp--preset--spacing--50);padding-right:var(--wp--preset--spacing--40);padding-bottom:var(--wp--preset--spacing--50);padding-left:0\">\n<h3 class=\"wp-block-heading translation-block\" style=\"font-size:clamp(0.984rem, 0.984rem + ((1vw - 0.2rem) * 0.86), 1.5rem);font-weight:600\">P\u00ebrsosm\u00ebri krijuese<\/h3>\n\n\n\n<p style=\"line-height:1.8\" class=\"translation-block\">Ne transformojm\u00eb strategjin\u00eb n\u00eb narrativa t\u00ebrheq\u00ebse q\u00eb t\u00ebrheqin v\u00ebmendjen dhe frym\u00ebzojn\u00eb veprimin.<\/p>\n<\/div>\n\n\n\n<div class=\"wp-block-column is-layout-flow wp-block-column-is-layout-flow\" style=\"border-left-color:var(--wp--preset--color--vivid-red);border-left-width:3px;padding-top:var(--wp--preset--spacing--50);padding-right:var(--wp--preset--spacing--40);padding-bottom:var(--wp--preset--spacing--50);padding-left:0\">\n<h3 class=\"wp-block-heading translation-block\" style=\"font-size:clamp(0.984rem, 0.984rem + ((1vw - 0.2rem) * 0.86), 1.5rem);font-weight:600\">Rezultate t\u00eb matshme<\/h3>\n\n\n\n<p style=\"line-height:1.8\" class=\"translation-block\">Njohjet e bazuara n\u00eb t\u00eb dh\u00ebna sigurojn\u00eb optimizim t\u00eb vazhduesh\u00ebm dhe kthim t\u00eb duksh\u00ebm t\u00eb investimit.<\/p>\n<\/div>\n<\/div>\n<\/div>\n\n\n\n<div class=\"wp-block-group alignfull has-black-background-color has-background has-global-padding is-layout-constrained wp-container-core-group-is-layout-19f06807 wp-block-group-is-layout-constrained\" style=\"padding-top:var(--wp--preset--spacing--80);padding-bottom:var(--wp--preset--spacing--80)\">\n<h2 class=\"wp-block-heading has-text-align-center has-white-color has-text-color translation-block\" style=\"margin-bottom:var(--wp--preset--spacing--60);font-size:clamp(1.502rem, 1.502rem + ((1vw - 0.2rem) * 1.663), 2.5rem);font-weight:300\">Pse Story Hub<\/h2>\n\n\n\n<div class=\"wp-block-columns is-layout-flex wp-container-core-columns-is-layout-cbe57604 wp-block-columns-is-layout-flex\">\n<div class=\"wp-block-column is-layout-flow wp-block-column-is-layout-flow\" style=\"padding-top:var(--wp--preset--spacing--50);padding-right:var(--wp--preset--spacing--40);padding-bottom:var(--wp--preset--spacing--50);padding-left:var(--wp--preset--spacing--40)\">\n<p class=\"has-text-align-center has-vivid-red-color has-text-color\" style=\"font-size:clamp(1.743rem, 1.743rem + ((1vw - 0.2rem) * 2.095), 3rem);font-weight:700\">01<\/p>\n\n\n\n<h3 class=\"wp-block-heading has-text-align-center has-white-color has-text-color translation-block\" style=\"font-size:clamp(0.875rem, 0.875rem + ((1vw - 0.2rem) * 0.625), 1.25rem);font-weight:600\">Qasje strategjike me historin\u00eb s\u00eb pari<\/h3>\n\n\n\n<p class=\"has-text-align-center has-white-color has-text-color translation-block\" style=\"line-height:1.7\">Narrativa n\u00eb thelbin e gjith\u00e7kaje q\u00eb krijojm\u00eb<\/p>\n<\/div>\n\n\n\n<div class=\"wp-block-column is-layout-flow wp-block-column-is-layout-flow\" style=\"padding-top:var(--wp--preset--spacing--50);padding-right:var(--wp--preset--spacing--40);padding-bottom:var(--wp--preset--spacing--50);padding-left:var(--wp--preset--spacing--40)\">\n<p class=\"has-text-align-center has-vivid-red-color has-text-color\" style=\"font-size:clamp(1.743rem, 1.743rem + ((1vw - 0.2rem) * 2.095), 3rem);font-weight:700\">02<\/p>\n\n\n\n<h3 class=\"wp-block-heading has-text-align-center has-white-color has-text-color translation-block\" style=\"font-size:clamp(0.875rem, 0.875rem + ((1vw - 0.2rem) * 0.625), 1.25rem);font-weight:600\">Zgjidhje komunikimi t\u00eb personalizuara<\/h3>\n\n\n\n<p class=\"has-text-align-center has-white-color has-text-color translation-block\" style=\"line-height:1.7\">Strategji t\u00eb personalizuara p\u00ebr nevojat tuaja unike<\/p>\n<\/div>\n\n\n\n<div class=\"wp-block-column is-layout-flow wp-block-column-is-layout-flow\" style=\"padding-top:var(--wp--preset--spacing--50);padding-right:var(--wp--preset--spacing--40);padding-bottom:var(--wp--preset--spacing--50);padding-left:var(--wp--preset--spacing--40)\">\n<p class=\"has-text-align-center has-vivid-red-color has-text-color\" style=\"font-size:clamp(1.743rem, 1.743rem + ((1vw - 0.2rem) * 2.095), 3rem);font-weight:700\">03<\/p>\n\n\n\n<h3 class=\"wp-block-heading has-text-align-center has-white-color has-text-color translation-block\" style=\"font-size:clamp(0.875rem, 0.875rem + ((1vw - 0.2rem) * 0.625), 1.25rem);font-weight:600\">Ekspertiz\u00eb e fort\u00eb mediatike<\/h3>\n\n\n\n<p class=\"has-text-align-center has-white-color has-text-color translation-block\" style=\"line-height:1.7\">Lidhje t\u00eb thella n\u00eb peizazhet mediatike<\/p>\n<\/div>\n\n\n\n<div class=\"wp-block-column is-layout-flow wp-block-column-is-layout-flow\" style=\"padding-top:var(--wp--preset--spacing--50);padding-right:var(--wp--preset--spacing--40);padding-bottom:var(--wp--preset--spacing--50);padding-left:var(--wp--preset--spacing--40)\">\n<p class=\"has-text-align-center has-vivid-red-color has-text-color\" style=\"font-size:clamp(1.743rem, 1.743rem + ((1vw - 0.2rem) * 2.095), 3rem);font-weight:700\">04<\/p>\n\n\n\n<h3 class=\"wp-block-heading has-text-align-center has-white-color has-text-color translation-block\" style=\"font-size:clamp(0.875rem, 0.875rem + ((1vw - 0.2rem) * 0.625), 1.25rem);font-weight:600\">Fokus n\u00eb ndikimin afatgjat\u00eb<\/h3>\n\n\n\n<p class=\"has-text-align-center has-white-color has-text-color translation-block\" style=\"line-height:1.7\">Nd\u00ebrtimi i besueshm\u00ebris\u00eb s\u00eb q\u00ebndrueshme t\u00eb mark\u00ebs<\/p>\n<\/div>\n<\/div>\n\n\n\n<div style=\"height:60px\" aria-hidden=\"true\" class=\"wp-block-spacer\"><\/div>\n\n\n\n<div class=\"wp-block-buttons is-content-justification-center is-layout-flex wp-container-core-buttons-is-layout-a89b3969 wp-block-buttons-is-layout-flex\">\n<div class=\"wp-block-button\"><a class=\"wp-block-button__link has-vivid-red-background-color has-background wp-element-button\" href=\"\/sq\/contact\/\" style=\"border-radius:0px;padding-top:var(--wp--preset--spacing--50);padding-right:var(--wp--preset--spacing--70);padding-bottom:var(--wp--preset--spacing--50);padding-left:var(--wp--preset--spacing--70)\">Let&#8217;s Build Your Story<\/a><\/div>\n<\/div>\n<\/div>","protected":false},"excerpt":{"rendered":"<p>At Story Hub, we believe every brand has a story worth telling. Our mission is to craft, refine, and amplify those stories through strategic communication, creative content, and impactful media presence. By combining creativity, insight, and media expertise, we help our clients build credibility, shape perception, and communicate with confidence in a fast-moving world. Our [&hellip;]<\/p>\n","protected":false},"author":1,"featured_media":0,"parent":0,"menu_order":0,"comment_status":"closed","ping_status":"closed","template":"page-with-title","meta":{"_monsterinsights_skip_tracking":false,"_monsterinsights_sitenote_active":false,"_monsterinsights_sitenote_note":"","_monsterinsights_sitenote_category":0,"footnotes":""},"class_list":["post-15","page","type-page","status-publish","hentry"],"aioseo_notices":[],"_links":{"self":[{"href":"https:\/\/storyhubagency.com\/sq\/wp-json\/wp\/v2\/pages\/15","targetHints":{"allow":["GET"]}}],"collection":[{"href":"https:\/\/storyhubagency.com\/sq\/wp-json\/wp\/v2\/pages"}],"about":[{"href":"https:\/\/storyhubagency.com\/sq\/wp-json\/wp\/v2\/types\/page"}],"author":[{"embeddable":true,"href":"https:\/\/storyhubagency.com\/sq\/wp-json\/wp\/v2\/users\/1"}],"replies":[{"embeddable":true,"href":"https:\/\/storyhubagency.com\/sq\/wp-json\/wp\/v2\/comments?post=15"}],"version-history":[{"count":4,"href":"https:\/\/storyhubagency.com\/sq\/wp-json\/wp\/v2\/pages\/15\/revisions"}],"predecessor-version":[{"id":78,"href":"https:\/\/storyhubagency.com\/sq\/wp-json\/wp\/v2\/pages\/15\/revisions\/78"}],"wp:attachment":[{"href":"https:\/\/storyhubagency.com\/sq\/wp-json\/wp\/v2\/media?parent=15"}],"curies":[{"name":"wp","href":"https:\/\/api.w.org\/{rel}","templated":true}]}}